{"id":42483,"date":"2025-01-27T19:23:17","date_gmt":"2025-01-27T19:23:17","guid":{"rendered":"https:\/\/theme-dev.cmsmasters.net\/biovital\/?page_id=42483"},"modified":"2025-11-19T16:07:21","modified_gmt":"2025-11-19T16:07:21","slug":"sobre-mi","status":"publish","type":"page","link":"https:\/\/drmargaritag.com\/en\/sobre-mi\/","title":{"rendered":"About me"},"content":{"rendered":"<div data-elementor-type=\"wp-page\" data-elementor-id=\"42483\" class=\"elementor elementor-42483\" data-elementor-post-type=\"page\">\n\t\t\t\t<div class=\"elementor-element elementor-element-e90da06 e-con-full e-flex wpr-particle-no wpr-jarallax-no wpr-parallax-no wpr-sticky-section-no cmsmasters-block-default e-con e-parent\" data-id=\"e90da06\" data-element_type=\"container\" data-settings=\"{&quot;background_background&quot;:&quot;classic&quot;,&quot;shape_divider_bottom&quot;:&quot;waves&quot;,&quot;shape_divider_bottom_negative&quot;:&quot;yes&quot;}\">\n\t\t\t\t<div class=\"elementor-shape elementor-shape-bottom\" aria-hidden=\"true\" data-negative=\"true\">\n\t\t\t<svg xmlns=\"http:\/\/www.w3.org\/2000\/svg\" viewbox=\"0 0 1000 100\" preserveaspectratio=\"none\">\n\t<path class=\"elementor-shape-fill\" d=\"M790.5,93.1c-59.3-5.3-116.8-18-192.6-50c-29.6-12.7-76.9-31-100.5-35.9c-23.6-4.9-52.6-7.8-75.5-5.3\tc-10.2,1.1-22.6,1.4-50.1,7.4c-27.2,6.3-58.2,16.6-79.4,24.7c-41.3,15.9-94.9,21.9-134,22.6C72,58.2,0,25.8,0,25.8V100h1000V65.3\tc0,0-51.5,19.4-106.2,25.7C839.5,97,814.1,95.2,790.5,93.1z\"\/>\n<\/svg>\t\t<\/div>\n\t\t<div class=\"elementor-element elementor-element-5548da6 e-con-full e-flex wpr-particle-no wpr-jarallax-no wpr-parallax-no wpr-sticky-section-no cmsmasters-block-default e-con e-child\" data-id=\"5548da6\" data-element_type=\"container\" data-settings=\"{&quot;background_background&quot;:&quot;classic&quot;}\">\n\t\t<div class=\"elementor-element elementor-element-bc263c9 e-flex e-con-boxed wpr-particle-no wpr-jarallax-no wpr-parallax-no wpr-sticky-section-no cmsmasters-block-default e-con e-child\" data-id=\"bc263c9\" data-element_type=\"container\">\n\t\t\t\t\t<div class=\"e-con-inner\">\n\t\t<div class=\"elementor-element elementor-element-72c5e13 e-con-full e-flex cmsmasters-bg-hide-none wpr-particle-no wpr-jarallax-no wpr-parallax-no wpr-sticky-section-no cmsmasters-bg-hide-none cmsmasters-block-default e-con e-child\" data-id=\"72c5e13\" data-element_type=\"container\" data-settings=\"{&quot;background_background&quot;:&quot;classic&quot;,&quot;motion_fx_motion_fx_scrolling&quot;:&quot;yes&quot;,&quot;motion_fx_translateX_effect&quot;:&quot;yes&quot;,&quot;motion_fx_translateX_speed&quot;:{&quot;unit&quot;:&quot;px&quot;,&quot;size&quot;:1,&quot;sizes&quot;:[]},&quot;motion_fx_translateX_affectedRange&quot;:{&quot;unit&quot;:&quot;%&quot;,&quot;size&quot;:&quot;&quot;,&quot;sizes&quot;:{&quot;start&quot;:0,&quot;end&quot;:100}},&quot;motion_fx_devices&quot;:[&quot;widescreen&quot;,&quot;desktop&quot;,&quot;tablet&quot;,&quot;mobile&quot;]}\">\n\t\t\t\t<div class=\"elementor-element elementor-element-2faf397 cmsmasters-block-default cmsmasters-sticky-default elementor-widget elementor-widget-spacer\" data-id=\"2faf397\" data-element_type=\"widget\" data-widget_type=\"spacer.default\">\n\t\t\t\t\t\t\t<div class=\"elementor-spacer\">\n\t\t\t<div class=\"elementor-spacer-inner\"><\/div>\n\t\t<\/div>\n\t\t\t\t\t\t<\/div>\n\t\t\t\t<\/div>\n\t\t<div class=\"elementor-element elementor-element-c2e8fec e-con-full e-flex wpr-particle-no wpr-jarallax-no wpr-parallax-no wpr-sticky-section-no cmsmasters-block-default e-con e-child\" data-id=\"c2e8fec\" data-element_type=\"container\" data-settings=\"{&quot;background_background&quot;:&quot;classic&quot;}\">\n\t\t\t\t<div class=\"elementor-element elementor-element-d6a801c cmsmasters-block-default cmsmasters-sticky-default elementor-invisible elementor-widget elementor-widget-heading\" data-id=\"d6a801c\" data-element_type=\"widget\" data-settings=\"{&quot;_animation&quot;:&quot;fadeIn&quot;}\" data-widget_type=\"heading.default\">\n\t\t\t\t\t<h1 class=\"elementor-heading-title elementor-size-default\">Hello, I\u2019m Margarita Gonz\u00e1lez<\/h1>\t\t\t\t<\/div>\n\t\t\t\t<div class=\"elementor-element elementor-element-18a9267 cmsmasters-block-default cmsmasters-sticky-default elementor-widget elementor-widget-text-editor\" data-id=\"18a9267\" data-element_type=\"widget\" data-widget_type=\"text-editor.default\">\n\t\t\t\t\t\t\t\t\tI have always been driven by curiosity, compassion, and a deep connection with nature. <b>I studied Medicine with the desire to help heal not only the body, but also the mind and spirit<\/b>However, I soon discovered that traditional answers were not enough, and I embarked on a journey across different continents to find a deeper, more human approach to health.\t\t\t\t\t\t\t\t<\/div>\n\t\t\t\t<\/div>\n\t\t\t\t\t<\/div>\n\t\t\t\t<\/div>\n\t\t\t\t<\/div>\n\t\t\t\t<\/div>\n\t\t<div class=\"elementor-element elementor-element-d4956e2 e-flex e-con-boxed wpr-particle-no wpr-jarallax-no wpr-parallax-no wpr-sticky-section-no cmsmasters-block-default e-con e-parent\" data-id=\"d4956e2\" data-element_type=\"container\" data-settings=\"{&quot;background_background&quot;:&quot;classic&quot;}\">\n\t\t\t\t\t<div class=\"e-con-inner\">\n\t\t\t\t<div class=\"elementor-element elementor-element-83b9af8 cmsmasters-block-default cmsmasters-sticky-default elementor-widget elementor-widget-text-editor\" data-id=\"83b9af8\" data-element_type=\"widget\" data-widget_type=\"text-editor.default\">\n\t\t\t\t\t\t\t\t\t<p>I have always been guided by curiosity, compassion, and a deep connection to nature. I studied medicine with the desire to help heal not only the body, but also the mind and spirit. Very early in my career, I realized that conventional answers were not enough, and I began a journey across continents in search of a deeper, more human approach to health.\nAlong the way, I discovered functional medicine and integrative nutrition\u2014fields that brought together everything I had been seeking: modern science, a holistic perspective, prevention, personalization, and the profound connection between mind and body.<\/p><p><span style=\"background-color: transparent;\">Today, I support each person\u2019s health journey with attentive listening, presence, and respect for their story. My practice blends scientific tools with therapeutic approaches that foster self-regulation, regeneration, and balance\u2014recognizing that the body has an innate ability to heal when given the right conditions.<\/span><\/p><p>My purpose is to help you reconnect with yourself, with your vital energy, and with a form of health that is both sustainable and authentic.<\/p><p>My training has taken me through Colombia, Australia, Nepal, India, Thailand, Bali, and Spain, allowing me to immerse myself in diverse medical and spiritual traditions\u2014from evidence-based Western medicine to the ancestral wisdom of yoga, Buddhism, meditation, and energy-based healing.<\/p>\t\t\t\t\t\t\t\t<\/div>\n\t\t\t\t\t<\/div>\n\t\t\t\t<\/div>\n\t\t<div class=\"elementor-element elementor-element-a7eba10 e-flex e-con-boxed wpr-particle-no wpr-jarallax-no wpr-parallax-no wpr-sticky-section-no cmsmasters-block-default e-con e-parent\" data-id=\"a7eba10\" data-element_type=\"container\">\n\t\t\t\t\t<div class=\"e-con-inner\">\n\t\t<div class=\"elementor-element elementor-element-0c6b457 e-grid e-con-full wpr-particle-no wpr-jarallax-no wpr-parallax-no wpr-sticky-section-no cmsmasters-block-default e-con e-child\" data-id=\"0c6b457\" data-element_type=\"container\">\n\t\t\t\t<div class=\"elementor-element elementor-element-197277c elementor-widget-tablet__width-inherit elementor-view-default elementor-position-top elementor-mobile-position-top cmsmasters-block-default cmsmasters-sticky-default elementor-invisible elementor-widget elementor-widget-icon-box\" data-id=\"197277c\" data-element_type=\"widget\" data-settings=\"{&quot;_animation&quot;:&quot;fadeInRight&quot;,&quot;_animation_mobile&quot;:&quot;none&quot;,&quot;_animation_delay&quot;:300}\" data-widget_type=\"icon-box.default\">\n\t\t\t\t\t\t\t<div class=\"elementor-icon-box-wrapper\">\n\n\t\t\t\t\t\t<div class=\"elementor-icon-box-icon\">\n\t\t\t\t<span  class=\"elementor-icon\">\n\t\t\t\t<i aria-hidden=\"true\" class=\"cmsmsdemo-icon- cmsms-demo-icon-icon-3\"><\/i>\t\t\t\t<\/span>\n\t\t\t<\/div>\n\t\t\t\n\t\t\t\t\t\t<div class=\"elementor-icon-box-content\">\n\n\t\t\t\t\t\t\t\t\t<h5 class=\"elementor-icon-box-title\">\n\t\t\t\t\t\t<span  >\n\t\t\t\t\t\t\tPhysician<br> and Surgeon\t\t\t\t\t\t<\/span>\n\t\t\t\t\t<\/h5>\n\t\t\t\t\n\t\t\t\t\t\t\t\t\t<p class=\"elementor-icon-box-description\">\n\t\t\t\t\t\t(Universidad Libre, <br>Cali, Colombia)\n\n\t\t\t\t\t<\/p>\n\t\t\t\t\n\t\t\t<\/div>\n\t\t\t\n\t\t<\/div>\n\t\t\t\t\t\t<\/div>\n\t\t\t\t<div class=\"elementor-element elementor-element-f6191ac elementor-widget-tablet__width-inherit elementor-view-default elementor-position-top elementor-mobile-position-top cmsmasters-block-default cmsmasters-sticky-default elementor-invisible elementor-widget elementor-widget-icon-box\" data-id=\"f6191ac\" data-element_type=\"widget\" data-settings=\"{&quot;_animation&quot;:&quot;fadeInRight&quot;,&quot;_animation_mobile&quot;:&quot;none&quot;,&quot;_animation_delay&quot;:300}\" data-widget_type=\"icon-box.default\">\n\t\t\t\t\t\t\t<div class=\"elementor-icon-box-wrapper\">\n\n\t\t\t\t\t\t<div class=\"elementor-icon-box-icon\">\n\t\t\t\t<span  class=\"elementor-icon\">\n\t\t\t\t<i aria-hidden=\"true\" class=\"cmsmsdemo-icon- cmsms-demo-icon-icon-3\"><\/i>\t\t\t\t<\/span>\n\t\t\t<\/div>\n\t\t\t\n\t\t\t\t\t\t<div class=\"elementor-icon-box-content\">\n\n\t\t\t\t\t\t\t\t\t<h5 class=\"elementor-icon-box-title\">\n\t\t\t\t\t\t<span  >\n\t\t\t\t\t\t\tDiploma in Neural Therapy\t\t\t\t\t\t<\/span>\n\t\t\t\t\t<\/h5>\n\t\t\t\t\n\t\t\t\t\t\t\t\t\t<p class=\"elementor-icon-box-description\">\n\t\t\t\t\t\tUniversity of Health Sciences, Bogot\u00e1, Colombia\n\n\t\t\t\t\t<\/p>\n\t\t\t\t\n\t\t\t<\/div>\n\t\t\t\n\t\t<\/div>\n\t\t\t\t\t\t<\/div>\n\t\t\t\t<div class=\"elementor-element elementor-element-503a363 elementor-widget-tablet__width-inherit elementor-view-default elementor-position-top elementor-mobile-position-top cmsmasters-block-default cmsmasters-sticky-default elementor-invisible elementor-widget elementor-widget-icon-box\" data-id=\"503a363\" data-element_type=\"widget\" data-settings=\"{&quot;_animation&quot;:&quot;fadeInRight&quot;,&quot;_animation_mobile&quot;:&quot;none&quot;,&quot;_animation_delay&quot;:300}\" data-widget_type=\"icon-box.default\">\n\t\t\t\t\t\t\t<div class=\"elementor-icon-box-wrapper\">\n\n\t\t\t\t\t\t<div class=\"elementor-icon-box-icon\">\n\t\t\t\t<span  class=\"elementor-icon\">\n\t\t\t\t<i aria-hidden=\"true\" class=\"cmsmsdemo-icon- cmsms-demo-icon-icon-3\"><\/i>\t\t\t\t<\/span>\n\t\t\t<\/div>\n\t\t\t\n\t\t\t\t\t\t<div class=\"elementor-icon-box-content\">\n\n\t\t\t\t\t\t\t\t\t<h5 class=\"elementor-icon-box-title\">\n\t\t\t\t\t\t<span  >\n\t\t\t\t\t\t\tMaster\u2019s in Integrative Medicine\t\t\t\t\t\t<\/span>\n\t\t\t\t\t<\/h5>\n\t\t\t\t\n\t\t\t\t\t\t\t\t\t<p class=\"elementor-icon-box-description\">\n\t\t\t\t\t\tLinneo Institute,<br>Madrid, Spain\n\n\t\t\t\t\t<\/p>\n\t\t\t\t\n\t\t\t<\/div>\n\t\t\t\n\t\t<\/div>\n\t\t\t\t\t\t<\/div>\n\t\t\t\t<div class=\"elementor-element elementor-element-3305e3c elementor-widget-tablet__width-inherit elementor-view-default elementor-position-top elementor-mobile-position-top cmsmasters-block-default cmsmasters-sticky-default elementor-invisible elementor-widget elementor-widget-icon-box\" data-id=\"3305e3c\" data-element_type=\"widget\" data-settings=\"{&quot;_animation&quot;:&quot;fadeInRight&quot;,&quot;_animation_mobile&quot;:&quot;none&quot;,&quot;_animation_delay&quot;:300}\" data-widget_type=\"icon-box.default\">\n\t\t\t\t\t\t\t<div class=\"elementor-icon-box-wrapper\">\n\n\t\t\t\t\t\t<div class=\"elementor-icon-box-icon\">\n\t\t\t\t<span  class=\"elementor-icon\">\n\t\t\t\t<i aria-hidden=\"true\" class=\"cmsmsdemo-icon- cmsms-demo-icon-icon-3\"><\/i>\t\t\t\t<\/span>\n\t\t\t<\/div>\n\t\t\t\n\t\t\t\t\t\t<div class=\"elementor-icon-box-content\">\n\n\t\t\t\t\t\t\t\t\t<h5 class=\"elementor-icon-box-title\">\n\t\t\t\t\t\t<span  >\n\t\t\t\t\t\t\tTherapeutic Yoga Teacher Training\t\t\t\t\t\t<\/span>\n\t\t\t\t\t<\/h5>\n\t\t\t\t\n\t\t\t\t\t\t\t\t\t<p class=\"elementor-icon-box-description\">\n\t\t\t\t\t\t(BIYOME, <br>Australia)\n\n\t\t\t\t\t<\/p>\n\t\t\t\t\n\t\t\t<\/div>\n\t\t\t\n\t\t<\/div>\n\t\t\t\t\t\t<\/div>\n\t\t\t\t<div class=\"elementor-element elementor-element-a8e82d1 elementor-widget-tablet__width-inherit elementor-view-default elementor-position-top elementor-mobile-position-top cmsmasters-block-default cmsmasters-sticky-default elementor-invisible elementor-widget elementor-widget-icon-box\" data-id=\"a8e82d1\" data-element_type=\"widget\" data-settings=\"{&quot;_animation&quot;:&quot;fadeInRight&quot;,&quot;_animation_mobile&quot;:&quot;none&quot;,&quot;_animation_delay&quot;:300}\" data-widget_type=\"icon-box.default\">\n\t\t\t\t\t\t\t<div class=\"elementor-icon-box-wrapper\">\n\n\t\t\t\t\t\t<div class=\"elementor-icon-box-icon\">\n\t\t\t\t<span  class=\"elementor-icon\">\n\t\t\t\t<i aria-hidden=\"true\" class=\"cmsmsdemo-icon- cmsms-demo-icon-icon-3\"><\/i>\t\t\t\t<\/span>\n\t\t\t<\/div>\n\t\t\t\n\t\t\t\t\t\t<div class=\"elementor-icon-box-content\">\n\n\t\t\t\t\t\t\t\t\t<h5 class=\"elementor-icon-box-title\">\n\t\t\t\t\t\t<span  >\n\t\t\t\t\t\t\tDiploma in Functional Medicine\t\t\t\t\t\t<\/span>\n\t\t\t\t\t<\/h5>\n\t\t\t\t\n\t\t\t\t\t\t\t\t\t<p class=\"elementor-icon-box-description\">\n\t\t\t\t\t\t(AMF, The  Institute for Functional Medicine, Colombia \/ EEUA)\t\t\t\t\t<\/p>\n\t\t\t\t\n\t\t\t<\/div>\n\t\t\t\n\t\t<\/div>\n\t\t\t\t\t\t<\/div>\n\t\t\t\t<\/div>\n\t\t\t\t\t<\/div>\n\t\t\t\t<\/div>\n\t\t<div class=\"elementor-element elementor-element-27a9daa e-flex e-con-boxed cmsmasters-bg-hide-none wpr-particle-no wpr-jarallax-no wpr-parallax-no wpr-sticky-section-no cmsmasters-bg-hide-none cmsmasters-block-default e-con e-parent\" data-id=\"27a9daa\" data-element_type=\"container\" data-settings=\"{&quot;background_background&quot;:&quot;classic&quot;}\">\n\t\t\t\t\t<div class=\"e-con-inner\">\n\t\t\t\t<div class=\"elementor-element elementor-element-c2bbda0 cmsmasters-effect cmsmasters-effect-type-floating elementor-view-default cmsmasters-block-default cmsmasters-sticky-default elementor-invisible elementor-widget elementor-widget-icon\" data-id=\"c2bbda0\" data-element_type=\"widget\" data-settings=\"{&quot;_animation&quot;:&quot;zoomIn&quot;,&quot;cms_floating_rotate_toggle&quot;:&quot;yes&quot;,&quot;cms_floating_rotate_type&quot;:&quot;simple&quot;,&quot;cms_floating_rotate&quot;:{&quot;unit&quot;:&quot;deg&quot;,&quot;size&quot;:&quot;&quot;,&quot;sizes&quot;:{&quot;from&quot;:0,&quot;to&quot;:30}},&quot;cms_floating_rotate_delay&quot;:{&quot;unit&quot;:&quot;px&quot;,&quot;size&quot;:&quot;&quot;,&quot;sizes&quot;:[]},&quot;cms_floating_duration&quot;:{&quot;unit&quot;:&quot;px&quot;,&quot;size&quot;:1.5,&quot;sizes&quot;:[]}}\" data-widget_type=\"icon.default\">\n\t\t\t\t\t\t\t<div class=\"elementor-icon-wrapper\">\n\t\t\t<div class=\"elementor-icon\">\n\t\t\t<svg xmlns=\"http:\/\/www.w3.org\/2000\/svg\" id=\"Capa_2\" data-name=\"Capa 2\" viewbox=\"0 0 250.25 250.56\"><defs><style>      .cls-1 {        fill: #fff;      }    <\/style><\/defs><g id=\"Capa_1-2\" data-name=\"Capa 1\"><g><path class=\"cls-1\" d=\"M125.13,250.56C56.13,250.56,0,194.43,0,125.44S56.13.31,125.13.31s125.13,56.13,125.13,125.13-56.13,125.13-125.13,125.13ZM125.13,2.34C57.25,2.34,2.03,57.56,2.03,125.44s55.22,123.1,123.1,123.1,123.1-55.22,123.1-123.1S193,2.34,125.13,2.34Z\"><\/path><path class=\"cls-1\" d=\"M125.05,41.37c-6.22,0-11.28-5.06-11.28-11.28s5.06-11.28,11.28-11.28,11.28,5.06,11.28,11.28-5.06,11.28-11.28,11.28ZM125.05,20.83c-5.1,0-9.25,4.15-9.25,9.25s4.15,9.25,9.25,9.25,9.25-4.15,9.25-9.25-4.15-9.25-9.25-9.25Z\"><\/path><path class=\"cls-1\" d=\"M183.84,139.74c-2.07,0-6.35-1.96-9.83-5.75-5.26-5.73-16.5-20.99-18.39-23.67-.65-.92-1.47-1.82-2.33-2.77-1.9-2.09-4.05-4.46-5.21-7.94-.4-1.21-1.02-2.86-1.72-4.75-2.08-5.61-4.92-13.3-5.47-17.95-.06-.56.33-1.06.89-1.13.56-.07,1.06.33,1.13.89.52,4.41,3.32,11.97,5.36,17.48.71,1.91,1.33,3.58,1.74,4.82,1.02,3.07,2.94,5.18,4.79,7.22.91,1,1.76,1.94,2.49,2.96,1.88,2.66,13.02,17.81,18.22,23.47,2.54,2.76,5.27,4.22,6.94,4.8-1.43-2.46-2.69-6.56-2.86-7.12-.09-.3-.04-.63.15-.89s.48-.41.79-.42l3.59-.12c-2.58-1.83-7.43-4.63-11-6.54-.47-.39-6.69-6.14-8.89-13.65-1.17-3.98-3.76-8.4-6.04-12.3-1.83-3.13-3.57-6.08-4.31-8.38l-.2-.61c-1.54-4.76-2.55-7.9-3.24-20.36-.35-6.22-6.16-8.01-11.78-9.74-5.01-1.54-10.19-3.14-10.19-8.18,0-4.75,1.47-6.99,2.9-9.15,1.51-2.29,2.93-4.45,2.93-9.86,0-.56.45-1.02,1.02-1.02s1.02.45,1.02,1.02c0,6.03-1.74,8.66-3.27,10.98-1.38,2.09-2.56,3.89-2.56,8.04,0,3.3,3.31,4.55,8.76,6.23,5.7,1.76,12.78,3.94,13.21,11.57.68,12.19,1.66,15.23,3.15,19.85l.2.61c.67,2.09,2.35,4.95,4.12,7.98,2.34,4,5,8.54,6.24,12.76,2.04,6.95,8.04,12.52,8.11,12.57,1.8.93,11.91,6.41,13.27,8.57.19.31.21.7.04,1.02-.17.32-.5.53-.86.54l-4.79.16c.8,2.41,2.03,5.51,2.89,6.33.62.58.64,1.12.55,1.47-.12.45-.48.79-.98.91-.16.04-.35.06-.55.06Z\"><\/path><path class=\"cls-1\" d=\"M129.27,247.68c-1.81,0-3.05-.41-3.9-1.28-1.52-1.57-1.45-4.17-1.33-8.47.04-1.3.08-2.77.08-4.4v-109.65h2.03v109.65c0,1.65-.04,3.13-.08,4.45-.1,3.51-.17,6.05.76,7,.28.29.84.67,2.45.67.8,0,1.39-.26,1.86-.82,2.45-2.89.94-12.14.13-17.1-.24-1.49-.44-2.71-.51-3.49-.38-4.55.05-5.76,4.16-17.39,2.85-8.04,2.18-16.67,1.53-25-.27-3.44-.52-6.7-.52-9.84,0-5.34,1.94-13.49,4-22.12,2.12-8.9,4.31-18.1,4.4-24.47.1-7.3-2.13-13.41-4.09-18.8-1.38-3.79-2.58-7.07-2.69-10.07-.14-3.67.89-9.19,1.88-14.53.91-4.9,1.86-9.96,1.73-12.93l2.03-.08c.14,3.2-.79,8.14-1.76,13.38-.98,5.23-1.99,10.64-1.85,14.08.1,2.68,1.25,5.82,2.57,9.45,1.93,5.28,4.32,11.85,4.21,19.52-.09,6.6-2.31,15.91-4.45,24.92-2.03,8.51-3.94,16.55-3.94,21.65,0,3.06.25,6.28.51,9.68.66,8.55,1.35,17.39-1.64,25.84-4.06,11.49-4.4,12.43-4.05,16.54.06.74.26,1.91.49,3.33,1.25,7.67,2.24,15.43-.58,18.75-.86,1.02-2.01,1.54-3.41,1.54Z\"><\/path><path class=\"cls-1\" d=\"M66.15,139.74c-.21,0-.39-.02-.55-.06-.51-.13-.86-.46-.98-.91-.09-.35-.07-.89.55-1.47.86-.82,2.09-3.92,2.89-6.33l-4.79-.16c-.36-.01-.69-.22-.86-.54-.17-.32-.15-.71.04-1.02,1.36-2.16,11.46-7.64,13.47-8.72h0s5.88-5.53,7.9-12.43c1.24-4.22,3.89-8.76,6.24-12.76,1.77-3.03,3.45-5.89,4.12-7.98l.2-.62c1.49-4.61,2.47-7.65,3.15-19.84.42-7.63,7.51-9.81,13.21-11.57,5.45-1.68,8.76-2.94,8.76-6.23,0-4.14-1.19-5.95-2.56-8.04-1.53-2.32-3.27-4.96-3.27-10.98,0-.56.45-1.02,1.02-1.02s1.02.45,1.02,1.02c0,5.42,1.42,7.58,2.93,9.86,1.43,2.16,2.9,4.4,2.9,9.15,0,5.04-5.18,6.63-10.19,8.18-5.62,1.73-11.43,3.52-11.78,9.74-.69,12.45-1.71,15.59-3.24,20.36l-.2.61c-.74,2.31-2.47,5.26-4.3,8.38-2.29,3.9-4.88,8.32-6.05,12.31-2.2,7.51-8.42,13.26-8.68,13.5-3.72,2.02-8.61,4.85-11.2,6.69l3.59.12c.31.01.61.17.79.42s.24.58.15.89c-.17.56-1.43,4.69-2.84,7.12,1.67-.58,4.39-2.04,6.93-4.8,4.93-5.36,15.95-20.25,18.22-23.47.72-1.02,1.58-1.97,2.49-2.96,1.85-2.04,3.77-4.14,4.79-7.22.41-1.23,1.03-2.9,1.73-4.81,2.05-5.52,4.85-13.08,5.37-17.49.06-.56.57-.95,1.13-.89.56.06.95.57.89,1.13-.55,4.65-3.4,12.35-5.48,17.96-.7,1.88-1.31,3.53-1.71,4.74-1.16,3.48-3.31,5.85-5.21,7.94-.86.95-1.68,1.85-2.33,2.77-1.89,2.68-13.12,17.95-18.39,23.67-3.49,3.79-7.77,5.75-9.83,5.75Z\"><\/path><path class=\"cls-1\" d=\"M120.72,247.68c-1.4,0-2.55-.52-3.41-1.54-2.82-3.32-1.84-11.08-.58-18.75.23-1.42.42-2.59.49-3.33.34-4.12.01-5.05-4.05-16.54-2.99-8.45-2.31-17.29-1.64-25.84.26-3.4.51-6.62.51-9.68,0-5.1-1.91-13.14-3.94-21.65-2.14-9.01-4.36-18.32-4.45-24.92-.11-7.67,2.29-14.24,4.21-19.52,1.33-3.63,2.47-6.77,2.57-9.45.13-3.44-.88-8.85-1.85-14.08-.98-5.24-1.9-10.18-1.76-13.38l2.03.08c-.13,2.97.82,8.03,1.73,12.92,1,5.34,2.03,10.87,1.88,14.53-.12,3-1.31,6.28-2.69,10.07-1.97,5.39-4.19,11.5-4.09,18.8.09,6.37,2.28,15.57,4.4,24.47,2.06,8.63,4,16.78,4,22.12,0,3.14-.25,6.39-.52,9.84-.65,8.34-1.31,16.96,1.53,25,4.11,11.62,4.54,12.84,4.16,17.39-.06.78-.26,2-.51,3.49-.81,4.97-2.32,14.22.13,17.1.47.56,1.07.82,1.86.82,1.61,0,2.17-.38,2.45-.67.92-.95.85-3.49.76-7-.04-1.32-.08-2.8-.08-4.45v-109.65h2.03v109.65c0,1.63.04,3.09.08,4.4.12,4.31.19,6.91-1.33,8.47-.85.88-2.09,1.28-3.9,1.28Z\"><\/path><path class=\"cls-1\" d=\"M125.2,36.24c-3.46,0-6.28-2.82-6.28-6.28s2.82-6.28,6.28-6.28,6.28,2.82,6.28,6.28-2.82,6.28-6.28,6.28ZM125.2,25.7c-2.34,0-4.25,1.91-4.25,4.25s1.91,4.25,4.25,4.25,4.25-1.91,4.25-4.25-1.91-4.25-4.25-4.25Z\"><\/path><path class=\"cls-1\" d=\"M112.21,185.03c-28.6-4.44-49.36-23.26-49.36-44.75h2.03c0,20.48,20.04,38.46,47.64,42.75l-.31,2Z\"><\/path><path class=\"cls-1\" d=\"M137.79,185.1l-.3-2.01c27.84-4.18,48.04-22.18,48.04-42.81h2.03c0,21.64-20.93,40.49-49.77,44.82Z\"><\/path><path class=\"cls-1\" d=\"M113.02,192.57l-2.03-.03c.16-10.08,6.79-16.02,14.47-22.89,9.66-8.66,21.69-19.43,27-43.01,8.32-36.97-13.99-62.06-30.28-80.37-2.39-2.68-4.66-5.24-6.7-7.68l1.56-1.31c2.04,2.43,4.29,4.96,6.67,7.63,16.58,18.65,39.3,44.19,30.75,82.17-5.45,24.21-17.75,35.23-27.63,44.08-7.62,6.83-13.64,12.22-13.79,21.41Z\"><\/path><path class=\"cls-1\" d=\"M110.46,96.78c-.04-.15-3.74-14.66,13.92-21.51,16.34-6.35,19.16-17.13,19.19-17.24l1.97.49c-.12.48-3.11,11.92-20.42,18.64-15.98,6.21-12.84,18.57-12.7,19.09l-1.96.53Z\"><\/path><rect class=\"cls-1\" x=\"124.03\" y=\"79.25\" width=\"2.03\" height=\"23.12\"><\/rect><path class=\"cls-1\" d=\"M137.97,173.38l-2.03-.16c.83-10.48-7.96-14.8-16.47-18.98-6.47-3.18-12.58-6.18-13.23-11.8-1.06-9.19,5.35-11.43,15.04-14.81,4.16-1.45,8.87-3.1,14.23-5.6,17.78-8.28,18.16-12.48,16.82-27.22l2.02-.19c1.39,15.21.92,20.44-17.98,29.25-5.46,2.54-10.22,4.21-14.42,5.67-10.36,3.62-14.53,5.37-13.69,12.66.52,4.52,5.89,7.16,12.11,10.21,8.69,4.27,18.55,9.11,17.6,20.96Z\"><\/path><path class=\"cls-1\" d=\"M98.43,43.39c-2.11-4.19-3.18-8.71-3.18-13.44,0-16.52,13.44-29.95,29.95-29.95s29.95,13.44,29.95,29.95c0,4.72-1.07,9.24-3.17,13.43l-1.81-.91c1.96-3.91,2.96-8.12,2.96-12.52,0-15.4-12.53-27.92-27.92-27.92s-27.92,12.52-27.92,27.92c0,4.41,1,8.62,2.96,12.52l-1.81.92Z\"><\/path><path class=\"cls-1\" d=\"M129.68,247.6l-.83-1.85c22.84-10.23,46.28-43.21,62.7-88.23,2.98-8.16,5.07-15.38,6.38-22.07l1.99.39c-1.34,6.79-3.45,14.11-6.47,22.37-16.85,46.2-40.1,78.78-63.78,89.38Z\"><\/path><path class=\"cls-1\" d=\"M201.63,120.61l-2.03-.03c.39-24.19-16.76-56.15-46.15-67.79l.75-1.89c30.21,11.96,47.84,44.84,47.44,69.71Z\"><\/path><path class=\"cls-1\" d=\"M120.08,247.6c-23.68-10.6-46.93-43.18-63.78-89.38-3.01-8.26-5.13-15.58-6.47-22.37l1.99-.39c1.32,6.69,3.4,13.9,6.38,22.07,16.42,45.02,39.86,78,62.7,88.23l-.83,1.85Z\"><\/path><path class=\"cls-1\" d=\"M48.14,120.61c-.4-24.87,17.23-57.75,47.44-69.71l.75,1.89c-29.39,11.64-46.55,43.61-46.15,67.79l-2.03.03Z\"><\/path><\/g><\/g><\/svg>\t\t\t<\/div>\n\t\t<\/div>\n\t\t\t\t\t\t<\/div>\n\t\t\t\t<div class=\"elementor-element elementor-element-e8cf3bd elementor-widget__width-inherit cmsmasters-block-default cmsmasters-sticky-default elementor-widget elementor-widget-heading\" data-id=\"e8cf3bd\" data-element_type=\"widget\" data-widget_type=\"heading.default\">\n\t\t\t\t\t<h2 class=\"elementor-heading-title elementor-size-default\">If you are looking for a medicine that listens to your story, views your body as a whole, and accompanies you with respect and science, you are in the right place.<\/h2>\t\t\t\t<\/div>\n\t\t\t\t<div class=\"elementor-element elementor-element-a357c85 cmsmasters-button-align-right cmsmasters-block-default cmsmasters-sticky-default elementor-invisible elementor-widget elementor-widget-cmsmasters-button\" data-id=\"a357c85\" data-element_type=\"widget\" data-settings=\"{&quot;_animation&quot;:&quot;fadeIn&quot;}\" data-widget_type=\"cmsmasters-button.default\">\n\t\t\t\t\t<div class=\"elementor-widget-cmsmasters-button__button-container\"><div class=\"elementor-widget-cmsmasters-button__button-container-inner\"><a href=\"https:\/\/drmargaritag.com\/en\/servicios\/\" class=\"cmsmasters-button-link elementor-widget-cmsmasters-button__button cmsmasters-icon-view- cmsmasters-icon-shape- cmsmasters-button-size-sm\" role=\"button\" tabindex=\"0\"><span class=\"elementor-widget-cmsmasters-button__content-wrapper cmsmasters-align-icon-\"><span class=\"elementor-widget-cmsmasters-button__text\">DISCOVER MORE<\/span><\/span><\/a><\/div><\/div>\t\t\t\t<\/div>\n\t\t\t\t\t<\/div>\n\t\t\t\t<\/div>\n\t\t\t\t<\/div>","protected":false},"excerpt":{"rendered":"<p>Hola, soy Margarita Gonz\u00e1lez Desde siempre me ha movido la curiosidad, la compasi\u00f3n y una profunda conexi\u00f3n con la naturaleza. Estudi\u00e9 Medicina con el deseo de ayudar a sanar, no solo el cuerpo, sino tambi\u00e9n la mente y el esp\u00edritu. Sin embargo, pronto descubr\u00ed que las respuestas tradicionales no eran suficientes, y emprend\u00ed un viaje por distintos continentes para encontrar un enfoque m\u00e1s profundo y humano de la salud. En este camino, descubr\u00ed la medicina funcional y la nutrici\u00f3n integrativa, que unieron todo lo que buscaba: ciencia moderna, mirada hol\u00edstica, prevenci\u00f3n, personalizaci\u00f3n y conexi\u00f3n mente-cuerpo. Hoy, acompa\u00f1o procesos de salud desde un lugar de escucha, presencia y respeto por cada historia personal. Mi pr\u00e1ctica combina herramientas cient\u00edficas con enfoques terap\u00e9uticos que promueven la autorregulaci\u00f3n, la regeneraci\u00f3n y el equilibrio, reconociendo que cada cuerpo tiene una capacidad natural de sanarse cuando se le da lo que necesita. Mi prop\u00f3sito es ayudarte a reconectar contigo, con tu energ\u00eda vital y con una salud sostenible y aut\u00e9ntica. Mi formaci\u00f3n me ha llevado por Colombia, Australia, Nepal, India, Tailandia, Bali y Espa\u00f1a, donde me sumerg\u00ed en diversas tradiciones m\u00e9dicas y espirituales: desde la medicina occidental basada en evidencia, hasta la sabidur\u00eda ancestral del yoga, el budismo, la meditaci\u00f3n y la medicina energ\u00e9tica. M\u00e9dico y Cirujano (Universidad Libre, Cali, Colombia) Diplomado en Terapia Neural (Universidad de Ciencias de la Salud, Bogot\u00e1, Colombia) Master en Medicina integrativa (Instituto Linneo,Madrid, Espa\u00f1a) Profesorado de Yoga terap\u00e9utico (BIYOME, Australia) Diplomado de Medicina funcional (AMF, The Institute for Functional Medicine, Colombia \/ EEUA) Si buscas una medicina que escuche tu historia, mire a tu cuerpo como un todo, y te acompa\u00f1e con respeto y ciencia, est\u00e1s en el lugar indicado. DESCUBRE MAS<\/p>","protected":false},"author":1,"featured_media":0,"parent":0,"menu_order":0,"comment_status":"closed","ping_status":"closed","template":"","meta":{"_acf_changed":false,"footnotes":""},"class_list":["post-42483","page","type-page","status-publish","hentry"],"acf":[],"_hostinger_reach_plugin_has_subscription_block":false,"_hostinger_reach_plugin_is_elementor":false,"_links":{"self":[{"href":"https:\/\/drmargaritag.com\/en\/wp-json\/wp\/v2\/pages\/42483","targetHints":{"allow":["GET"]}}],"collection":[{"href":"https:\/\/drmargaritag.com\/en\/wp-json\/wp\/v2\/pages"}],"about":[{"href":"https:\/\/drmargaritag.com\/en\/wp-json\/wp\/v2\/types\/page"}],"author":[{"embeddable":true,"href":"https:\/\/drmargaritag.com\/en\/wp-json\/wp\/v2\/users\/1"}],"replies":[{"embeddable":true,"href":"https:\/\/drmargaritag.com\/en\/wp-json\/wp\/v2\/comments?post=42483"}],"version-history":[{"count":392,"href":"https:\/\/drmargaritag.com\/en\/wp-json\/wp\/v2\/pages\/42483\/revisions"}],"predecessor-version":[{"id":47816,"href":"https:\/\/drmargaritag.com\/en\/wp-json\/wp\/v2\/pages\/42483\/revisions\/47816"}],"wp:attachment":[{"href":"https:\/\/drmargaritag.com\/en\/wp-json\/wp\/v2\/media?parent=42483"}],"curies":[{"name":"wp","href":"https:\/\/api.w.org\/{rel}","templated":true}]}}